{"id":16,"date":"2025-12-15T15:12:43","date_gmt":"2025-12-15T15:12:43","guid":{"rendered":"https:\/\/blanchedalmond-horse-170136.hostingersite.com\/home\/"},"modified":"2026-02-05T10:09:21","modified_gmt":"2026-02-05T13:09:21","slug":"home","status":"publish","type":"page","link":"https:\/\/coffeebubblebr.com\/pt\/","title":{"rendered":"Home"},"content":{"rendered":"<div class=\"et_pb_section_0 et_pb_section et_section_regular et_block_section\">\n<div class=\"et_pb_row_0 et_pb_row et_pb_gutters3 et_block_row\">\n<div class=\"et_pb_column_0 et_pb_column et_pb_column_2_5 et_block_column et_pb_column_empty et_pb_css_mix_blend_mode_passthrough\"><\/div>\n\n<div class=\"et_pb_column_1 et_pb_column et_pb_column_3_5 et-last-child et_block_column et_pb_css_mix_blend_mode_passthrough\">\n<div class=\"et_pb_text_0 et_pb_text et_pb_bg_layout_dark et_pb_module et_block_module\"><div class=\"et_pb_text_inner\"><h3><span style=\"color: #c39f3c;\">Experi\u00eancia \u00fanica em cada gole<\/span><\/h3>\n<p><strong><span style=\"font-size: 3rem; line-height: 1;\"><span style=\"font-family: 'IBM Plex Sans';\">Caf\u00e9s especiais<br \/>e Bubble Tea.<\/span><\/span><\/strong><\/p>\n<\/div><\/div>\n\n<div class=\"et_pb_text_1 et_pb_text et_pb_bg_layout_dark et_pb_module et_block_module\"><div class=\"et_pb_text_inner\"><h4>Uma fus\u00e3o de sabores sofisticados e est\u00e9tica vibrante. Criada para desfrutar, conectar e compartilhar.<\/h4>\n<\/div><\/div>\n\n<div class=\"et_pb_module et_pb_button_module_wrapper et_pb_button_0_wrapper\"><a class=\"et_pb_button_0 et_pb_button et_pb_bg_layout_light et_pb_module et_block_module\" href=\"https:\/\/wa.me\/5545998584859?text=Ol%C3%A1%21%20Gostaria%20de%20pedir%20Caf%C3%A9%20de%20Especialidade.\">Pedir agora<\/a><\/div>\n<\/div>\n<\/div>\n<\/div>\n\n<div class=\"et_pb_section_1 et_pb_section et_section_regular et_block_section\">\n<div class=\"et_pb_row_1 et_pb_row et_pb_gutters1 et_block_row\">\n<div class=\"et_pb_column_2 et_pb_column et_pb_column_1_3 et_block_column et_pb_css_mix_blend_mode_passthrough\">\n<div class=\"et_pb_text_2 et_pb_text et_pb_bg_layout_light et_pb_module et_block_module\"><div class=\"et_pb_text_inner\"><h3><span style=\"color: #160b00;\">COFFEE &amp; BUBBLE TEA<\/span><\/h3>\n<\/div><\/div>\n<\/div>\n\n<div class=\"et_pb_column_3 et_pb_column et_pb_column_1_3 et_block_column et_pb_css_mix_blend_mode_passthrough\">\n<div class=\"et_pb_text_3 et_pb_text et_pb_bg_layout_light et_pb_module et_block_module\"><div class=\"et_pb_text_inner\"><h3 style=\"text-align: center;\"><span style=\"color: #160b00;\">Planeje seu pr\u00f3ximo evento conosco<\/span><\/h3>\n<\/div><\/div>\n\n<div class=\"et_pb_module et_pb_button_module_wrapper et_pb_button_1_wrapper\"><a class=\"et_pb_button_1 et_pb_button et_pb_bg_layout_light et_pb_module et_block_module\" href=\"https:\/\/wa.me\/5545998584859?text=Ol%C3%A1%2C%20equipe%20do%20Coffee%20%26%20Bubble%20Tea!%20Gostaria%20de%20agendar%20uma%20experi%C3%AAncia%20exclusiva.\">Agendar<\/a><\/div>\n<\/div>\n\n<div class=\"et_pb_column_4 et_pb_column et_pb_column_1_3 et-last-child et_block_column et_pb_css_mix_blend_mode_passthrough\">\n<div class=\"et_pb_text_4 et_pb_text et_pb_bg_layout_dark et_pb_module et_block_module\"><div class=\"et_pb_text_inner\"><h3><span style=\"color: #c39f3c;\">HOR\u00c1RIOS<\/span><\/h3>\n<p>Seg &#8211; Dom:\u00a0 14:00 hrs &#8211; 21:00 hrs<\/p>\n<\/div><\/div>\n<\/div>\n<\/div>\n<\/div>\n\n<div class=\"et_pb_section_2 et_pb_section et_section_regular et_block_section\">\n<div class=\"et_pb_row_2 et_pb_row et_flex_row\">\n<div class=\"et_pb_column_5 et_pb_column et-last-child et_flex_column et_pb_css_mix_blend_mode_passthrough et_flex_column_24_24\">\n<div class=\"et_pb_row_3 et_pb_row et_pb_row_nested et_flex_row\">\n<div class=\"et_pb_column_6 et_pb_column et-last-child et_flex_column et_pb_css_mix_blend_mode_passthrough et_flex_column_24_24\">\n<div class=\"et_pb_text_5 et_pb_text et_pb_bg_layout_dark et_pb_module et_block_module\"><div class=\"et_pb_text_inner\"><h3><span style=\"color: #c39f3c;\">NOSSO CARD\u00c1PIO<\/span><\/h3>\n<p><strong><span style=\"font-size: 3rem; line-height: 1;\"><span style=\"font-family: 'IBM Plex Sans';\">Explore sabores extraordin\u00e1rios<\/span><\/span><\/strong><\/p>\n<\/div><\/div>\n<\/div>\n<\/div>\n<\/div>\n<\/div>\n\n<div class=\"et_pb_row_4 et_pb_row et_flex_row\">\n<div class=\"et_pb_column_7 et_pb_column et_flex_column et_pb_css_mix_blend_mode_passthrough et_flex_column_6_24 et_flex_column_12_24_tablet et_flex_column_24_24_phone\">\n<div class=\"et_pb_image_0 et_pb_image et_pb_module et_flex_module\"><span class=\"et_pb_image_wrap\"><img loading=\"lazy\" decoding=\"async\" src=\"https:\/\/coffeebubblebr.com\/wp-content\/uploads\/2025\/12\/coffeebubbleetea-cafe-.jpg\" title=\"coffeebubbleetea--cafe--\" width=\"500\" height=\"500\" srcset=\"https:\/\/coffeebubblebr.com\/wp-content\/uploads\/2025\/12\/coffeebubbleetea-cafe-.jpg 500w, https:\/\/coffeebubblebr.com\/wp-content\/uploads\/2025\/12\/coffeebubbleetea-cafe--480x480.jpg 480w\" sizes=\"(min-width: 0px) and (max-width: 480px) 480px, (min-width: 481px) 500px, 100vw\" class=\"wp-image-45\" \/><\/span><\/div>\n\n<div class=\"et_pb_text_6 et_pb_text et_pb_bg_layout_light et_pb_module et_flex_module\"><div class=\"et_pb_text_inner\" data-et-mv-hidden-phone=\"true\"><h4><span style=\"color: #ffffff;\"><strong>Caf\u00e9 de Especialidade<\/strong><\/span><\/h4>\n<p><span style=\"color: #ffffff;\">Gr\u00e3os selecionados, torra perfeita e arte latte em cada x\u00edcara.<\/span><br \/>\n<span style=\"color: #ffffff;\"><strong><\/strong><\/span><\/p>\n<\/div><\/div>\n\n<div class=\"et_pb_module et_pb_button_module_wrapper et_pb_button_2_wrapper\"><a class=\"et_pb_button_2 et_pb_button et_pb_bg_layout_light et_pb_module et_block_module\" href=\"https:\/\/wa.me\/5545998584859?text=Ol%C3%A1%21%20Gostaria%20de%20pedir%20Caf%C3%A9%20de%20Especialidade.\">Pedir Caf\u00e9 de especialidade<\/a><\/div>\n<\/div>\n\n<div class=\"et_pb_column_8 et_pb_column et_flex_column et_pb_css_mix_blend_mode_passthrough et_flex_column_6_24 et_flex_column_12_24_tablet et_flex_column_24_24_phone\">\n<div class=\"et_pb_image_1 et_pb_image et_pb_module et_flex_module\"><span class=\"et_pb_image_wrap\"><img loading=\"lazy\" decoding=\"async\" src=\"https:\/\/coffeebubblebr.com\/wp-content\/uploads\/2026\/02\/Sin-titulo-1.jpg\" title=\"Sin-t\u00edtulo-1\" width=\"900\" height=\"900\" srcset=\"https:\/\/coffeebubblebr.com\/wp-content\/uploads\/2026\/02\/Sin-titulo-1.jpg 900w, https:\/\/coffeebubblebr.com\/wp-content\/uploads\/2026\/02\/Sin-titulo-1-480x480.jpg 480w\" sizes=\"(min-width: 0px) and (max-width: 480px) 480px, (min-width: 481px) 900px, 100vw\" class=\"wp-image-188\" \/><\/span><\/div>\n\n<div class=\"et_pb_text_7 et_pb_text et_pb_bg_layout_light et_pb_module et_flex_module\"><div class=\"et_pb_text_inner\"><h4><span style=\"color: #ffffff;\"><strong>Bubble Tea<\/strong><\/span><\/h4>\n<p><span style=\"color: #ffffff;\">A aut\u00eantica experi\u00eancia oriental com um toque moderno e sofisticado.<\/span> <span style=\"color: #ffffff;\"><strong><\/strong><\/span><\/p>\n<\/div><\/div>\n\n<div class=\"et_pb_module et_pb_button_module_wrapper et_pb_button_3_wrapper\"><a class=\"et_pb_button_3 et_pb_button et_pb_bg_layout_light et_pb_module et_block_module\" href=\"https:\/\/wa.me\/5545998584859?text=Ol%C3%A1%21%20Quero%20pedir%20Bubble%20Tea\">Pedir Bubble Tea<\/a><\/div>\n<\/div>\n\n<div class=\"et_pb_column_9 et_pb_column et_flex_column et_pb_css_mix_blend_mode_passthrough et_flex_column_6_24 et_flex_column_12_24_tablet et_flex_column_24_24_phone\">\n<div class=\"et_pb_image_2 et_pb_image et_pb_module et_flex_module\"><span class=\"et_pb_image_wrap\"><img loading=\"lazy\" decoding=\"async\" src=\"https:\/\/coffeebubblebr.com\/wp-content\/uploads\/2026\/01\/image-gen-5.png\" title=\"image-gen (5)\" width=\"1024\" height=\"1024\" srcset=\"https:\/\/coffeebubblebr.com\/wp-content\/uploads\/2026\/01\/image-gen-5.png 1024w, https:\/\/coffeebubblebr.com\/wp-content\/uploads\/2026\/01\/image-gen-5-980x980.png 980w, https:\/\/coffeebubblebr.com\/wp-content\/uploads\/2026\/01\/image-gen-5-480x480.png 480w\" sizes=\"(min-width: 0px) and (max-width: 480px) 480px, (min-width: 481px) and (max-width: 980px) 980px, (min-width: 981px) 1024px, 100vw\" class=\"wp-image-179\" \/><\/span><\/div>\n\n<div class=\"et_pb_text_8 et_pb_text et_pb_bg_layout_light et_pb_module et_flex_module\"><div class=\"et_pb_text_inner\"><h4><span style=\"color: #ffffff;\"><strong>A\u00e7a\u00ed Bowls<\/strong><\/span><\/h4>\n<p><span style=\"color: #ffffff;\">Fresco, nutritivo e visualmente irresist\u00edvel. A dose perfeita de energia.<\/span><br \/><span style=\"color: #ffffff;\"><strong><\/strong><\/span><\/p>\n<\/div><\/div>\n\n<div class=\"et_pb_module et_pb_button_module_wrapper et_pb_button_4_wrapper\"><a class=\"et_pb_button_4 et_pb_button et_pb_bg_layout_light et_pb_module et_block_module\" href=\"https:\/\/wa.me\/5545998584859?text=Ol%C3%A1%21%20Quero%20pedir%20bowls%20de%20a%C3%A7a%C3%AD.\">Pedir A\u00e7a\u00ed Bowls<\/a><\/div>\n<\/div>\n\n<div class=\"et_pb_column_10 et_pb_column et-last-child et_flex_column et_pb_css_mix_blend_mode_passthrough et_flex_column_6_24 et_flex_column_12_24_tablet et_flex_column_24_24_phone\">\n<div class=\"et_pb_image_3 et_pb_image et_pb_module et_flex_module\"><span class=\"et_pb_image_wrap\"><img loading=\"lazy\" decoding=\"async\" src=\"https:\/\/coffeebubblebr.com\/wp-content\/uploads\/2026\/01\/image-gen-4.png\" title=\"image-gen (4)\" width=\"1024\" height=\"1024\" srcset=\"https:\/\/coffeebubblebr.com\/wp-content\/uploads\/2026\/01\/image-gen-4.png 1024w, https:\/\/coffeebubblebr.com\/wp-content\/uploads\/2026\/01\/image-gen-4-980x980.png 980w, https:\/\/coffeebubblebr.com\/wp-content\/uploads\/2026\/01\/image-gen-4-480x480.png 480w\" sizes=\"(min-width: 0px) and (max-width: 480px) 480px, (min-width: 481px) and (max-width: 980px) 980px, (min-width: 981px) 1024px, 100vw\" class=\"wp-image-178\" \/><\/span><\/div>\n\n<div class=\"et_pb_text_9 et_pb_text et_pb_bg_layout_light et_pb_module et_flex_module\"><div class=\"et_pb_text_inner\"><h4><span style=\"color: #ffffff;\"><strong>Bubble Drinks<\/strong><\/span><\/h4>\n<p><span style=\"color: #ffffff;\">Nossa linha exclusiva de coquet\u00e9is com e sem \u00e1lcool, com bubbles frutais que estouram na boca.<\/span><br \/>\n<span style=\"color: #ffffff;\"><strong><\/strong><\/span><\/p>\n<\/div><\/div>\n\n<div class=\"et_pb_module et_pb_button_module_wrapper et_pb_button_5_wrapper\"><a class=\"et_pb_button_5 et_pb_button et_pb_bg_layout_light et_pb_module et_block_module\" href=\"https:\/\/wa.me\/5545998584859?text=Ol%C3%A1%21%20Quero%20pedir%20bubble%20drinks.\">Pedir Bubble Drinks<\/a><\/div>\n<\/div>\n<\/div>\n<\/div>\n\n<div class=\"et_pb_section_3 et_pb_section et_section_regular et_flex_section\">\n<div class=\"et_pb_row_5 et_pb_row et_flex_row\">\n<div class=\"et_pb_column_11 et_pb_column et-last-child et_flex_column et_pb_css_mix_blend_mode_passthrough et_flex_column_24_24\">\n<div class=\"et_pb_text_10 et_pb_text et_pb_bg_layout_light et_pb_module et_flex_module\"><div class=\"et_pb_text_inner\"><h4 style=\"text-align: center;\"><span style=\"color: #c39f3c;\"><b>Nossa ess\u00eancia<\/b><\/span><\/h4>\n<\/div><\/div>\n<\/div>\n<\/div>\n\n<div class=\"et_pb_row_6 et_pb_row et_flex_row\">\n<div class=\"et_pb_column_12 et_pb_column et-last-child et_flex_column et_pb_css_mix_blend_mode_passthrough et_flex_column_24_24\">\n<div class=\"et_pb_text_11 et_pb_text et_pb_bg_layout_light et_pb_module et_flex_module\"><div class=\"et_pb_text_inner\"><h1 style=\"text-align: center;\"><span style=\"color: #ffffff;\"><strong>&#8220;Unimos a tradi\u00e7\u00e3o do caf\u00e9 \u00e0 inova\u00e7\u00e3o do bubble tea para criar momentos memor\u00e1veis&#8221;<\/strong><\/span><\/h1>\n<\/div><\/div>\n<\/div>\n<\/div>\n\n<div class=\"et_pb_row_7 et_pb_row et_flex_row\">\n<div class=\"et_pb_column_13 et_pb_column et_flex_column et_pb_css_mix_blend_mode_passthrough et_flex_column_8_24 et_flex_column_24_24_phone\">\n<div class=\"et_pb_blurb_0 et_pb_blurb et_pb_bg_layout_light et_pb_text_align_left et_pb_blurb_position_top et_pb_module et_flex_module\"><div class=\"et_pb_blurb_content et_flex_module\"><div class=\"et_pb_main_blurb_image\"><span class=\"et_pb_image_wrap\"><span class=\"et-pb-icon et-waypoint et_pb_animation_top et_pb_animation_top_tablet et_pb_animation_top_phone\">\uf3a5<\/span><\/span><\/div><div class=\"et_pb_blurb_container\"><h3 class=\"et_pb_module_header\">Qualidade<\/h3><div class=\"et_pb_blurb_description\"><p><span style=\"color: #ffffff;\">Ingredientes selecionados, processos minuciosos e aten\u00e7\u00e3o a cada detalhe da prepara\u00e7\u00e3o.<\/span><\/p>\n<\/div><\/div><\/div><\/div>\n<\/div>\n\n<div class=\"et_pb_column_14 et_pb_column et_flex_column et_pb_css_mix_blend_mode_passthrough et_flex_column_8_24 et_flex_column_24_24_phone\">\n<div class=\"et_pb_blurb_1 et_pb_blurb et_pb_bg_layout_light et_pb_text_align_left et_pb_blurb_position_top et_pb_module et_flex_module\"><div class=\"et_pb_blurb_content et_flex_module\"><div class=\"et_pb_main_blurb_image\"><span class=\"et_pb_image_wrap\"><span class=\"et-pb-icon et-waypoint et_pb_animation_top et_pb_animation_top_tablet et_pb_animation_top_phone\">\uf06e<\/span><\/span><\/div><div class=\"et_pb_blurb_container\"><h3 class=\"et_pb_module_header\">Est\u00e9tica<\/h3><div class=\"et_pb_blurb_description\"><p><span style=\"color: #ffffff;\">Espa\u00e7os e produtos concebidos para inspirar e serem compartilhados<\/span><\/p>\n<\/div><\/div><\/div><\/div>\n<\/div>\n\n<div class=\"et_pb_column_15 et_pb_column et-last-child et_flex_column et_pb_css_mix_blend_mode_passthrough et_flex_column_8_24 et_flex_column_24_24_phone\">\n<div class=\"et_pb_blurb_2 et_pb_blurb et_pb_bg_layout_light et_pb_text_align_left et_pb_blurb_position_top et_pb_module et_flex_module\"><div class=\"et_pb_blurb_content et_flex_module\"><div class=\"et_pb_main_blurb_image\"><span class=\"et_pb_image_wrap\"><span class=\"et-pb-icon et-waypoint et_pb_animation_top et_pb_animation_top_tablet et_pb_animation_top_phone\">\uf086<\/span><\/span><\/div><div class=\"et_pb_blurb_container\"><h3 class=\"et_pb_module_header\">Comunidade<\/h3><div class=\"et_pb_blurb_description\"><p><span style=\"color: #ffffff;\">Um ponto de encontro para conectar, trabalhar ou simplesmente desfrutar.<\/span><\/p>\n<\/div><\/div><\/div><\/div>\n<\/div>\n<\/div>\n<\/div>\n\n<div class=\"et_pb_section_4 et_pb_section et_section_regular et_block_section\">\n<div class=\"et_pb_row_8 et_pb_row et_pb_gutters3 et_block_row\">\n<div class=\"et_pb_column_16 et_pb_column et_pb_column_3_5 et_block_column et_pb_css_mix_blend_mode_passthrough\">\n<div class=\"et_pb_text_12 et_pb_text et_pb_bg_layout_dark et_pb_module et_block_module\"><div class=\"et_pb_text_inner\"><h3><span style=\"color: #c39f3c;\">Experi\u00eancias exclusivas<\/span><\/h3>\n<h2 data-replit-metadata=\"client\/src\/components\/sections\/events.tsx:18:12\" data-component-name=\"h2\" class=\"text-4xl md:text-5xl font-display font-bold text-white mb-6\">Trazemos a energia certa para o seu evento.<\/h2>\n<p data-replit-metadata=\"client\/src\/components\/sections\/events.tsx:21:12\" data-component-name=\"p\" class=\"text-lg text-white\/70 mb-8 leading-relaxed\">Surpreenda seus convidados com nossos carrinhos moveis de bubble drinks. Ideais para casamentos, eventos corporativos e celebra\u00e7\u00f5es particulares que buscam um toque de distin\u00e7\u00e3o e um sabor inesquec\u00edvel.<\/p>\n<ul data-replit-metadata=\"client\/src\/components\/sections\/events.tsx:27:12\" data-component-name=\"ul\" class=\"space-y-4 mb-10\">\n<li data-replit-metadata=\"client\/src\/components\/sections\/events.tsx:28:14\" data-component-name=\"li\" class=\"flex items-center text-white\/80\"><span data-replit-metadata=\"client\/src\/components\/sections\/events.tsx:29:16\" data-component-name=\"span\" class=\"w-2 h-2 bg-primary rounded-full mr-4\"><\/span>Carrinhos com design moderno e elegante<\/li>\n<li data-replit-metadata=\"client\/src\/components\/sections\/events.tsx:28:14\" data-component-name=\"li\" class=\"flex items-center text-white\/80\">Card\u00e1pio personaliz\u00e1vel e com a sua marca<\/li>\n<\/ul>\n<\/div><\/div>\n\n<div class=\"et_pb_module et_pb_button_module_wrapper et_pb_button_6_wrapper\"><a class=\"et_pb_button_6 et_pb_button et_pb_bg_layout_light et_pb_module et_block_module\" href=\"https:\/\/wa.me\/5545998584859?text=Ol%C3%A1%2C%20equipe%20do%20Coffee%20%26%20Bubble%20Tea!%20Gostaria%20de%20agendar%20uma%20experi%C3%AAncia%20exclusiva.\">Agendar<\/a><\/div>\n<\/div>\n\n<div class=\"et_pb_column_17 et_pb_column et_pb_column_2_5 et-last-child et_block_column et_pb_css_mix_blend_mode_passthrough\">\n<div class=\"et_pb_image_4 et_pb_image et_pb_module et_block_module\"><span class=\"et_pb_image_wrap\"><img loading=\"lazy\" decoding=\"async\" src=\"https:\/\/coffeebubblebr.com\/wp-content\/uploads\/2025\/12\/car-coffeebubble.jpg\" title=\"car-coffeebubble\" width=\"500\" height=\"650\" srcset=\"https:\/\/coffeebubblebr.com\/wp-content\/uploads\/2025\/12\/car-coffeebubble.jpg 500w, https:\/\/coffeebubblebr.com\/wp-content\/uploads\/2025\/12\/car-coffeebubble-480x624.jpg 480w\" sizes=\"(min-width: 0px) and (max-width: 480px) 480px, (min-width: 481px) 500px, 100vw\" class=\"wp-image-138\" \/><\/span><\/div>\n<\/div>\n<\/div>\n<\/div>\n\n<div class=\"et_pb_section_5 et_pb_section et_section_regular et_block_section\">\n<div class=\"et_pb_row_9 et_pb_row et_pb_gutters3 et_block_row\">\n<div class=\"et_pb_column_18 et_pb_column et_pb_column_4_4 et-last-child et_block_column et_pb_css_mix_blend_mode_passthrough\">\n<div class=\"et_pb_text_13 et_pb_text et_pb_bg_layout_dark et_pb_module et_block_module\"><div class=\"et_pb_text_inner\" data-et-mv-hidden-phone=\"true\"><h3><span style=\"color: #ffffff;\">Visite-nos<\/span><\/h3>\n<p>\u00a0Condominio Outeiro da Gl\u00f3ria, Porto Seguro<\/p>\n<\/div><\/div>\n\n<div class=\"et_pb_text_14 et_pb_text et_pb_bg_layout_dark et_pb_module et_block_module\"><div class=\"et_pb_text_inner\"><h3><span style=\"color: #ffffff;\">Entre em contato conosco<\/span><\/h3>\n<p>+55\u00a045\u00a099858\u20114859<br \/><span style=\"color: #c39f3c;\"><a href=\"mailto:info@divicocktailbar.com\" style=\"color: #e09900;\">Coffeebubbletee@gmail.com<\/a><\/span><\/p>\n<\/div><\/div>\n\n<div class=\"et_pb_text_15 et_pb_text et_pb_bg_layout_dark et_pb_module et_block_module\"><div class=\"et_pb_text_inner\" data-et-mv-hidden-phone=\"true\"><h3>HorarioSat:\u00a0 9:30am &#8211; 2am<br \/>Sun 9:30am &#8211; 12am<\/h3>\n<\/div>\n<div class=\"et_pb_text_16 et_pb_text et_pb_bg_layout_dark et_pb_module et_block_module\"><div class=\"et_pb_text_inner\"><h3><span style=\"color: #ffffff;\">HOR\u00c1RIOS<\/span><\/h3>\n<p><span style=\"color: #ffffff;\">Seg &#8211; Dom:<\/span>\u00a0 14:00 hrs &#8211; 21:00 hrs<\/p>\n<\/div><\/div>\n<\/div>\n<\/div>\n<\/div>\n\n<div class=\"et_pb_row_10 et_pb_row et_pb_gutters3 et_block_row\">\n<div class=\"et_pb_column_19 et_pb_column et_pb_column_2_5 et_block_column et_pb_css_mix_blend_mode_passthrough\">\n<div class=\"et_pb_image_5 et_pb_image et_pb_module et_block_module\"><span class=\"et_pb_image_wrap\"><img loading=\"lazy\" decoding=\"async\" src=\"https:\/\/coffeebubblebr.com\/wp-content\/uploads\/2025\/12\/CBT-logo-Horizontal.png\" title=\"CBT-logo---Horizontal\" width=\"353\" height=\"107\" srcset=\"https:\/\/coffeebubblebr.com\/wp-content\/uploads\/2025\/12\/CBT-logo-Horizontal.png 353w, https:\/\/coffeebubblebr.com\/wp-content\/uploads\/2025\/12\/CBT-logo-Horizontal-300x91.png 300w\" sizes=\"(max-width: 353px) 100vw, 353px\" class=\"wp-image-53\" \/><\/span><\/div>\n\n<div class=\"et_pb_text_17 et_pb_text et_pb_bg_layout_dark et_pb_module et_block_module\"><div class=\"et_pb_text_inner\"><p>A evolu\u00e7\u00e3o do caf\u00e9 e do bubble tea. Uma experi\u00eancia sensorial \u00fanica em Porto Seguro.<\/p>\n<\/div><\/div>\n<\/div>\n\n<div class=\"et_pb_column_20 et_pb_column et_pb_column_3_5 et-last-child et_block_column et_pb_css_mix_blend_mode_passthrough\">\n<div class=\"et_pb_contact_form_0 et_pb_contact_form_container clearfix et_pb_module et_flex_module\" data-form_unique_num=\"0\" data-form_unique_id=\"divi\/contact-form-0\" id=\"et_pb_contact_form_0\"><h4 class=\"et_pb_contact_main_title\">Seja um franqueado. Preencha o  formul\u00e1rio e  receba todas as informa\u00e7\u00f5es.<\/h4><div class=\"et-pb-contact-message\"><\/div><div class=\"et_pb_contact\"><form class=\"et_pb_contact_form et_flex_module\" method=\"post\" action=\"https:\/\/coffeebubblebr.com\/pt\/wp-json\/wp\/v2\/pages\/16\">\n<div class=\"et_pb_contact_field_0 et_pb_contact_field et_pb_module et_flex_module et_flex_column_24_24\" data-id=\"name\" data-type=\"input\"><label class=\"et_pb_contact_form_label\">Nome<\/label><input type=\"text\" name=\"et_pb_contact_0_name_0\" id=\"et_pb_contact_0_name_0\" class=\"input\" data-required_mark=\"required\" data-field_type=\"input\" data-original_id=\"name\" placeholder=\"Nome\" title=\"\" value=\"\" \/><\/div>\n\n<div class=\"et_pb_contact_field_1 et_pb_contact_field et_pb_module et_flex_module et_flex_column_24_24\" data-id=\"email\" data-type=\"email\"><label class=\"et_pb_contact_form_label\">Endere\u00e7o de e-mail<\/label><input type=\"text\" name=\"et_pb_contact_0_email_1\" id=\"et_pb_contact_0_email_1\" class=\"input\" data-required_mark=\"required\" data-field_type=\"email\" data-original_id=\"email\" placeholder=\"Endere\u00e7o de e-mail\" title=\"\" value=\"\" \/><\/div>\n\n<div class=\"et_pb_contact_field_2 et_pb_contact_field et_pb_module et_flex_module et_flex_column_24_24\" data-id=\"message\" data-type=\"text\"><label class=\"et_pb_contact_form_label\">Mensagem<\/label><textarea name=\"et_pb_contact_0_message_2\" id=\"et_pb_contact_0_message_2\" class=\"et_pb_contact_message input\" data-required_mark=\"required\" data-field_type=\"text\" data-original_id=\"message\" placeholder=\"Mensagem\"><\/textarea><\/div>\n<input type=\"hidden\" name=\"et_pb_contactform_submit_0\" value=\"et_contact_proccess\" \/><div class=\"et_contact_bottom_container\"><div class=\"et_pb_button_wrapper\"><button type=\"submit\" name=\"et_builder_submit_button\" class=\"et_pb_button et_pb_contact_submit\" data-icon=\"\ue010\">Enviar<\/button><\/div><\/div><input type=\"hidden\" id=\"_wpnonce-et-pb-contact-form-submitted-0\" name=\"_wpnonce-et-pb-contact-form-submitted-0\" value=\"cf6ffb5695\" \/><input type=\"hidden\" name=\"_wp_http_referer\" value=\"\/pt\/wp-json\/wp\/v2\/pages\/16\" \/><\/form><\/div><\/div>\n<\/div>\n<\/div>\n<\/div>","protected":false},"excerpt":{"rendered":"","protected":false},"author":1,"featured_media":0,"parent":0,"menu_order":0,"comment_status":"closed","ping_status":"closed","template":"","meta":{"footnotes":""},"class_list":["post-16","page","type-page","status-publish","hentry"],"_hostinger_reach_plugin_has_subscription_block":false,"_hostinger_reach_plugin_is_elementor":false,"_links":{"self":[{"href":"https:\/\/coffeebubblebr.com\/pt\/wp-json\/wp\/v2\/pages\/16","targetHints":{"allow":["GET"]}}],"collection":[{"href":"https:\/\/coffeebubblebr.com\/pt\/wp-json\/wp\/v2\/pages"}],"about":[{"href":"https:\/\/coffeebubblebr.com\/pt\/wp-json\/wp\/v2\/types\/page"}],"author":[{"embeddable":true,"href":"https:\/\/coffeebubblebr.com\/pt\/wp-json\/wp\/v2\/users\/1"}],"replies":[{"embeddable":true,"href":"https:\/\/coffeebubblebr.com\/pt\/wp-json\/wp\/v2\/comments?post=16"}],"version-history":[{"count":86,"href":"https:\/\/coffeebubblebr.com\/pt\/wp-json\/wp\/v2\/pages\/16\/revisions"}],"predecessor-version":[{"id":191,"href":"https:\/\/coffeebubblebr.com\/pt\/wp-json\/wp\/v2\/pages\/16\/revisions\/191"}],"wp:attachment":[{"href":"https:\/\/coffeebubblebr.com\/pt\/wp-json\/wp\/v2\/media?parent=16"}],"curies":[{"name":"wp","href":"https:\/\/api.w.org\/{rel}","templated":true}]}}